{"id":1320,"date":"2025-04-21T18:26:27","date_gmt":"2025-04-21T18:26:27","guid":{"rendered":"https:\/\/lightsalmon-gorilla-230253.hostingersite.com\/?page_id=1320"},"modified":"2025-10-20T18:05:24","modified_gmt":"2025-10-20T18:05:24","slug":"events","status":"publish","type":"page","link":"https:\/\/ziggybeachtulum.com\/es\/events\/","title":{"rendered":"Events"},"content":{"rendered":"<div data-elementor-type=\"wp-page\" data-elementor-id=\"1320\" class=\"elementor elementor-1320\" data-elementor-post-type=\"page\">\n\t\t\t\t<div class=\"elementor-element elementor-element-e1fef5f e-con-full e-flex e-con e-parent\" data-id=\"e1fef5f\" data-element_type=\"container\" data-e-type=\"container\" data-settings=\"{&quot;background_background&quot;:&quot;classic&quot;}\">\n\t\t<div class=\"elementor-element elementor-element-d37d45b e-con-full e-flex e-con e-child\" data-id=\"d37d45b\" data-element_type=\"container\" data-e-type=\"container\">\n\t\t\t\t<div class=\"elementor-element elementor-element-20c3042 elementor-widget__width-initial elementor-widget elementor-widget-heading\" data-id=\"20c3042\" data-element_type=\"widget\" data-e-type=\"widget\" data-widget_type=\"heading.default\">\n\t\t\t\t\t<h1 class=\"elementor-heading-title elementor-size-default\">Celebra tus momentos especiales en Tulum<\/h1>\t\t\t\t<\/div>\n\t\t\t\t<\/div>\n\t\t\t\t<\/div>\n\t\t<div class=\"elementor-element elementor-element-39b5f4ee e-con-full e-flex e-con e-parent\" data-id=\"39b5f4ee\" data-element_type=\"container\" data-e-type=\"container\">\n\t\t\t\t<div class=\"elementor-element elementor-element-ae80361 elementor-widget elementor-widget-heading\" data-id=\"ae80361\" data-element_type=\"widget\" data-e-type=\"widget\" data-widget_type=\"heading.default\">\n\t\t\t\t\t<h1 class=\"elementor-heading-title elementor-size-default translation-block\">Cumplea\u00f1os \/ Aniversario \/ brunch o cena de reuni\u00f3n familiar<\/h1>\t\t\t\t<\/div>\n\t\t\t\t<div class=\"elementor-element elementor-element-1727084 elementor-widget-mobile__width-initial elementor-widget__width-initial elementor-invisible elementor-widget elementor-widget-heading\" data-id=\"1727084\" data-element_type=\"widget\" data-e-type=\"widget\" data-settings=\"{&quot;_animation&quot;:&quot;fadeInUp&quot;}\" data-widget_type=\"heading.default\">\n\t\t\t\t\t<h6 class=\"elementor-heading-title elementor-size-default\">Ya sea que est\u00e9s planeando una cena de aniversario, una celebraci\u00f3n de cumplea\u00f1os o una reuni\u00f3n familiar, las ocasiones especiales merecen un lugar \u00fanico e inolvidable. En Ziggy Beach Club en Tulum, te ofrecemos todo lo necesario para crear una experiencia inolvidable.<\/h6>\t\t\t\t<\/div>\n\t\t\t\t<div class=\"elementor-element elementor-element-8f7e4e5 elementor-widget-mobile__width-initial elementor-widget__width-initial elementor-invisible elementor-widget elementor-widget-heading\" data-id=\"8f7e4e5\" data-element_type=\"widget\" data-e-type=\"widget\" data-settings=\"{&quot;_animation&quot;:&quot;fadeInUp&quot;}\" data-widget_type=\"heading.default\">\n\t\t\t\t\t<h6 class=\"elementor-heading-title elementor-size-default\">Nuestra selecci\u00f3n de platos especiales y memorables es poco com\u00fan y har\u00e1 que su experiencia sea a\u00fan m\u00e1s inolvidable. Tenemos todo lo que necesita: comida, servicio y ambiente para asegurar que su pr\u00f3xima ocasi\u00f3n sea inolvidable.<\/h6>\t\t\t\t<\/div>\n\t\t\t\t<div class=\"elementor-element elementor-element-b23b151 elementor-cta--valign-top elementor-cta--skin-cover elementor-widget__width-inherit elementor-widget-mobile__width-inherit elementor-invisible elementor-widget elementor-widget-call-to-action\" data-id=\"b23b151\" data-element_type=\"widget\" data-e-type=\"widget\" data-settings=\"{&quot;_animation&quot;:&quot;fadeInUp&quot;}\" data-widget_type=\"call-to-action.default\">\n\t\t\t\t\t\t\t<div class=\"elementor-cta\">\n\t\t\t\t\t<div class=\"elementor-cta__bg-wrapper\">\n\t\t\t\t<div class=\"elementor-cta__bg elementor-bg\" style=\"background-image: url();\" role=\"img\" aria-label=\"\"><\/div>\n\t\t\t\t<div class=\"elementor-cta__bg-overlay\"><\/div>\n\t\t\t<\/div>\n\t\t\t\t\t\t\t<div class=\"elementor-cta__content\">\n\t\t\t\t\n\t\t\t\t\n\t\t\t\t\n\t\t\t\t\t\t\t\t\t<div class=\"elementor-cta__button-wrapper elementor-cta__content-item elementor-content-item\">\n\t\t\t\t\t<a class=\"elementor-cta__button elementor-button elementor-size-lg\" href=\"#contact\">\n\t\t\t\t\t\tCont\u00e1ctenos para planificar su evento\t\t\t\t\t<\/a>\n\t\t\t\t\t<\/div>\n\t\t\t\t\t\t\t<\/div>\n\t\t\t\t\t\t<\/div>\n\t\t\t\t\t\t<\/div>\n\t\t\t\t<\/div>\n\t\t<div class=\"elementor-element elementor-element-44db74bf e-con-full e-flex elementor-invisible e-con e-parent\" data-id=\"44db74bf\" data-element_type=\"container\" data-e-type=\"container\" id=\"more\" data-settings=\"{&quot;background_background&quot;:&quot;classic&quot;,&quot;animation&quot;:&quot;fadeIn&quot;}\">\n\t\t<div class=\"elementor-element elementor-element-720204a6 e-con-full e-flex e-con e-child\" data-id=\"720204a6\" data-element_type=\"container\" data-e-type=\"container\" data-settings=\"{&quot;background_background&quot;:&quot;classic&quot;}\">\n\t\t\t\t<\/div>\n\t\t<div class=\"elementor-element elementor-element-1952271 e-con-full e-flex e-con e-child\" data-id=\"1952271\" data-element_type=\"container\" data-e-type=\"container\">\n\t\t<div class=\"elementor-element elementor-element-65836e50 e-con-full e-flex e-con e-child\" data-id=\"65836e50\" data-element_type=\"container\" data-e-type=\"container\">\n\t\t\t\t<div class=\"elementor-element elementor-element-2f9831c8 elementor-widget elementor-widget-heading\" data-id=\"2f9831c8\" data-element_type=\"widget\" data-e-type=\"widget\" data-widget_type=\"heading.default\">\n\t\t\t\t\t<h2 class=\"elementor-heading-title elementor-size-default\">Eventos privados a medida\n<\/h2>\t\t\t\t<\/div>\n\t\t\t\t<div class=\"elementor-element elementor-element-a14b458 elementor-widget elementor-widget-text-editor\" data-id=\"a14b458\" data-element_type=\"widget\" data-e-type=\"widget\" data-widget_type=\"text-editor.default\">\n\t\t\t\t\t\t\t\t\t<p>Ofrecemos opciones personalizables para satisfacer sus necesidades, que incluyen:<\/p><ul><li>Espacios exclusivos para cenas \u00edntimas o reuniones de grupo.<\/li><li>Un men\u00fa personalizado con platos para deleitar a tus invitados.<\/li><li>Planificaci\u00f3n experta para garantizar que su celebraci\u00f3n sea perfecta.<\/li><\/ul><p><strong>Haz que tu pr\u00f3xima ocasi\u00f3n especial en Tulum sea inolvidable. Escr\u00edbenos a info@ziggybeachtulum.com para organizar tu evento privado y d\u00e9janos encargarnos de todos los detalles.<\/strong><\/p>\t\t\t\t\t\t\t\t<\/div>\n\t\t\t\t<div class=\"elementor-element elementor-element-1d42f7d elementor-cta--valign-top elementor-cta--skin-cover elementor-widget__width-inherit elementor-widget-mobile__width-inherit elementor-invisible elementor-widget elementor-widget-call-to-action\" data-id=\"1d42f7d\" data-element_type=\"widget\" data-e-type=\"widget\" data-settings=\"{&quot;_animation&quot;:&quot;fadeInUp&quot;}\" data-widget_type=\"call-to-action.default\">\n\t\t\t\t\t\t\t<div class=\"elementor-cta\">\n\t\t\t\t\t<div class=\"elementor-cta__bg-wrapper\">\n\t\t\t\t<div class=\"elementor-cta__bg elementor-bg\" style=\"background-image: url();\" role=\"img\" aria-label=\"\"><\/div>\n\t\t\t\t<div class=\"elementor-cta__bg-overlay\"><\/div>\n\t\t\t<\/div>\n\t\t\t\t\t\t\t<div class=\"elementor-cta__content\">\n\t\t\t\t\n\t\t\t\t\n\t\t\t\t\n\t\t\t\t\t\t\t\t\t<div class=\"elementor-cta__button-wrapper elementor-cta__content-item elementor-content-item\">\n\t\t\t\t\t<a class=\"elementor-cta__button elementor-button elementor-size-lg\" href=\"#contact\">\n\t\t\t\t\t\tCONT\u00c1CTANOS\t\t\t\t\t<\/a>\n\t\t\t\t\t<\/div>\n\t\t\t\t\t\t\t<\/div>\n\t\t\t\t\t\t<\/div>\n\t\t\t\t\t\t<\/div>\n\t\t\t\t<\/div>\n\t\t\t\t<\/div>\n\t\t\t\t<\/div>\n\t\t<div class=\"elementor-element elementor-element-23ef2ba e-con-full e-flex elementor-invisible e-con e-parent\" data-id=\"23ef2ba\" data-element_type=\"container\" data-e-type=\"container\" data-settings=\"{&quot;background_background&quot;:&quot;classic&quot;,&quot;animation&quot;:&quot;fadeIn&quot;}\">\n\t\t<div class=\"elementor-element elementor-element-5e34cd1 e-con-full e-flex e-con e-child\" data-id=\"5e34cd1\" data-element_type=\"container\" data-e-type=\"container\">\n\t\t<div class=\"elementor-element elementor-element-70d01e6 e-con-full e-flex e-con e-child\" data-id=\"70d01e6\" data-element_type=\"container\" data-e-type=\"container\">\n\t\t\t\t<div class=\"elementor-element elementor-element-185cf14 elementor-widget elementor-widget-heading\" data-id=\"185cf14\" data-element_type=\"widget\" data-e-type=\"widget\" data-widget_type=\"heading.default\">\n\t\t\t\t\t<h2 class=\"elementor-heading-title elementor-size-default\">Tu boda perfecta frente al mar en Tulum<\/h2>\t\t\t\t<\/div>\n\t\t\t\t<div class=\"elementor-element elementor-element-b5d32a4 elementor-widget elementor-widget-text-editor\" data-id=\"b5d32a4\" data-element_type=\"widget\" data-e-type=\"widget\" data-widget_type=\"text-editor.default\">\n\t\t\t\t\t\t\t\t\t<p>Cada boda es una celebraci\u00f3n \u00fanica, y nuestro equipo est\u00e1 comprometido a crear una experiencia inolvidable que atesorar\u00e1s para siempre. Desde fiestas de bienvenida hasta almuerzos de despedida, nos aseguramos de que cada detalle de tu d\u00eda especial sea impecable y extraordinario.<\/p><p><strong>Ofrecemos planificaci\u00f3n de bodas personalizada para ayudarte a dise\u00f1ar cada detalle, incluyendo:<\/strong><\/p>\t\t\t\t\t\t\t\t<\/div>\n\t\t\t\t<div class=\"elementor-element elementor-element-3b44020 elementor-widget__width-initial elementor-icon-list--layout-traditional elementor-list-item-link-full_width elementor-widget elementor-widget-icon-list\" data-id=\"3b44020\" data-element_type=\"widget\" data-e-type=\"widget\" data-widget_type=\"icon-list.default\">\n\t\t\t\t\t\t\t<ul class=\"elementor-icon-list-items\">\n\t\t\t\t\t\t\t<li class=\"elementor-icon-list-item\">\n\t\t\t\t\t\t\t\t\t\t\t<span class=\"elementor-icon-list-icon\">\n\t\t\t\t\t\t\t<svg aria-hidden=\"true\" class=\"e-font-icon-svg e-fas-check-circle\" viewbox=\"0 0 512 512\" xmlns=\"http:\/\/www.w3.org\/2000\/svg\"><path d=\"M504 256c0 136.967-111.033 248-248 248S8 392.967 8 256 119.033 8 256 8s248 111.033 248 248zM227.314 387.314l184-184c6.248-6.248 6.248-16.379 0-22.627l-22.627-22.627c-6.248-6.249-16.379-6.249-22.628 0L216 308.118l-70.059-70.059c-6.248-6.248-16.379-6.248-22.628 0l-22.627 22.627c-6.248 6.248-6.248 16.379 0 22.627l104 104c6.249 6.249 16.379 6.249 22.628.001z\"><\/path><\/svg>\t\t\t\t\t\t<\/span>\n\t\t\t\t\t\t\t\t\t\t<span class=\"elementor-icon-list-text\">Selecci\u00f3n de men\u00fa con sabores frescos y locales.<\/span>\n\t\t\t\t\t\t\t\t\t<\/li>\n\t\t\t\t\t\t\t\t<li class=\"elementor-icon-list-item\">\n\t\t\t\t\t\t\t\t\t\t\t<span class=\"elementor-icon-list-icon\">\n\t\t\t\t\t\t\t<svg aria-hidden=\"true\" class=\"e-font-icon-svg e-fas-check-circle\" viewbox=\"0 0 512 512\" xmlns=\"http:\/\/www.w3.org\/2000\/svg\"><path d=\"M504 256c0 136.967-111.033 248-248 248S8 392.967 8 256 119.033 8 256 8s248 111.033 248 248zM227.314 387.314l184-184c6.248-6.248 6.248-16.379 0-22.627l-22.627-22.627c-6.248-6.249-16.379-6.249-22.628 0L216 308.118l-70.059-70.059c-6.248-6.248-16.379-6.248-22.628 0l-22.627 22.627c-6.248 6.248-6.248 16.379 0 22.627l104 104c6.249 6.249 16.379 6.249 22.628.001z\"><\/path><\/svg>\t\t\t\t\t\t<\/span>\n\t\t\t\t\t\t\t\t\t\t<span class=\"elementor-icon-list-text\">Impresionantes decoraciones y arreglos florales.<\/span>\n\t\t\t\t\t\t\t\t\t<\/li>\n\t\t\t\t\t\t\t\t<li class=\"elementor-icon-list-item\">\n\t\t\t\t\t\t\t\t\t\t\t<span class=\"elementor-icon-list-icon\">\n\t\t\t\t\t\t\t<svg aria-hidden=\"true\" class=\"e-font-icon-svg e-fas-check-circle\" viewbox=\"0 0 512 512\" xmlns=\"http:\/\/www.w3.org\/2000\/svg\"><path d=\"M504 256c0 136.967-111.033 248-248 248S8 392.967 8 256 119.033 8 256 8s248 111.033 248 248zM227.314 387.314l184-184c6.248-6.248 6.248-16.379 0-22.627l-22.627-22.627c-6.248-6.249-16.379-6.249-22.628 0L216 308.118l-70.059-70.059c-6.248-6.248-16.379-6.248-22.628 0l-22.627 22.627c-6.248 6.248-6.248 16.379 0 22.627l104 104c6.249 6.249 16.379 6.249 22.628.001z\"><\/path><\/svg>\t\t\t\t\t\t<\/span>\n\t\t\t\t\t\t\t\t\t\t<span class=\"elementor-icon-list-text\">Coordinaci\u00f3n con fot\u00f3grafos y m\u00fasicos profesionales.<\/span>\n\t\t\t\t\t\t\t\t\t<\/li>\n\t\t\t\t\t\t\t\t<li class=\"elementor-icon-list-item\">\n\t\t\t\t\t\t\t\t\t\t\t<span class=\"elementor-icon-list-icon\">\n\t\t\t\t\t\t\t<svg aria-hidden=\"true\" class=\"e-font-icon-svg e-fas-check-circle\" viewbox=\"0 0 512 512\" xmlns=\"http:\/\/www.w3.org\/2000\/svg\"><path d=\"M504 256c0 136.967-111.033 248-248 248S8 392.967 8 256 119.033 8 256 8s248 111.033 248 248zM227.314 387.314l184-184c6.248-6.248 6.248-16.379 0-22.627l-22.627-22.627c-6.248-6.249-16.379-6.249-22.628 0L216 308.118l-70.059-70.059c-6.248-6.248-16.379-6.248-22.628 0l-22.627 22.627c-6.248 6.248-6.248 16.379 0 22.627l104 104c6.249 6.249 16.379 6.249 22.628.001z\"><\/path><\/svg>\t\t\t\t\t\t<\/span>\n\t\t\t\t\t\t\t\t\t\t<span class=\"elementor-icon-list-text\">Planificaci\u00f3n de la ceremonia y detalles \u00fanicos para reflejar tu visi\u00f3n.<\/span>\n\t\t\t\t\t\t\t\t\t<\/li>\n\t\t\t\t\t\t\t\t<li class=\"elementor-icon-list-item\">\n\t\t\t\t\t\t\t\t\t\t\t<span class=\"elementor-icon-list-icon\">\n\t\t\t\t\t\t\t<svg aria-hidden=\"true\" class=\"e-font-icon-svg e-fas-check-circle\" viewbox=\"0 0 512 512\" xmlns=\"http:\/\/www.w3.org\/2000\/svg\"><path d=\"M504 256c0 136.967-111.033 248-248 248S8 392.967 8 256 119.033 8 256 8s248 111.033 248 248zM227.314 387.314l184-184c6.248-6.248 6.248-16.379 0-22.627l-22.627-22.627c-6.248-6.249-16.379-6.249-22.628 0L216 308.118l-70.059-70.059c-6.248-6.248-16.379-6.248-22.628 0l-22.627 22.627c-6.248 6.248-6.248 16.379 0 22.627l104 104c6.249 6.249 16.379 6.249 22.628.001z\"><\/path><\/svg>\t\t\t\t\t\t<\/span>\n\t\t\t\t\t\t\t\t\t\t<span class=\"elementor-icon-list-text\">Regalos y recuerdos especiales para tus invitados.<\/span>\n\t\t\t\t\t\t\t\t\t<\/li>\n\t\t\t\t\t\t<\/ul>\n\t\t\t\t\t\t<\/div>\n\t\t\t\t<div class=\"elementor-element elementor-element-307ce8e elementor-cta--valign-top elementor-cta--skin-cover elementor-widget__width-inherit elementor-widget-mobile__width-inherit elementor-invisible elementor-widget elementor-widget-call-to-action\" data-id=\"307ce8e\" data-element_type=\"widget\" data-e-type=\"widget\" data-settings=\"{&quot;_animation&quot;:&quot;fadeInUp&quot;}\" data-widget_type=\"call-to-action.default\">\n\t\t\t\t\t\t\t<div class=\"elementor-cta\">\n\t\t\t\t\t<div class=\"elementor-cta__bg-wrapper\">\n\t\t\t\t<div class=\"elementor-cta__bg elementor-bg\" style=\"background-image: url();\" role=\"img\" aria-label=\"\"><\/div>\n\t\t\t\t<div class=\"elementor-cta__bg-overlay\"><\/div>\n\t\t\t<\/div>\n\t\t\t\t\t\t\t<div class=\"elementor-cta__content\">\n\t\t\t\t\n\t\t\t\t\n\t\t\t\t\n\t\t\t\t\t\t\t\t\t<div class=\"elementor-cta__button-wrapper elementor-cta__content-item elementor-content-item\">\n\t\t\t\t\t<a class=\"elementor-cta__button elementor-button elementor-size-lg\" href=\"https:\/\/ziggybeachtulum.com\/es\/weddings\/\">\n\t\t\t\t\t\tver m\u00e1s sobre bodas\t\t\t\t\t<\/a>\n\t\t\t\t\t<\/div>\n\t\t\t\t\t\t\t<\/div>\n\t\t\t\t\t\t<\/div>\n\t\t\t\t\t\t<\/div>\n\t\t\t\t<\/div>\n\t\t\t\t<\/div>\n\t\t<div class=\"elementor-element elementor-element-1e6d225 e-con-full e-flex e-con e-child\" data-id=\"1e6d225\" data-element_type=\"container\" data-e-type=\"container\" data-settings=\"{&quot;background_background&quot;:&quot;classic&quot;}\">\n\t\t\t\t<\/div>\n\t\t\t\t<\/div>\n\t\t\t\t<\/div>","protected":false},"excerpt":{"rendered":"<p>Celebrate Special Occasions in Tulum Birthdays \/ Anniversaries \/ Brunch \/ Family Reunion Dinners Whether you\u2019re planning an anniversary dinner, birthday celebration, or a family gathering, special occasions deserve a unique and memorable venue. At Ziggy Beach Club in Tulum, we offer everything you need to create an unforgettable experience. Our choice of special and [&hellip;]<\/p>\n","protected":false},"author":1,"featured_media":0,"parent":0,"menu_order":0,"comment_status":"closed","ping_status":"closed","template":"elementor_header_footer","meta":{"footnotes":""},"class_list":["post-1320","page","type-page","status-publish","hentry"],"yoast_head":"<!-- This site is optimized with the Yoast SEO plugin v27.0 - https:\/\/yoast.com\/product\/yoast-seo-wordpress\/ -->\n<title>Events - Ziggy<\/title>\n<meta name=\"robots\" content=\"index, follow, max-snippet:-1, max-image-preview:large, max-video-preview:-1\" \/>\n<link rel=\"canonical\" href=\"https:\/\/ziggybeachtulum.com\/es\/events\/\" \/>\n<meta property=\"og:locale\" content=\"es_MX\" \/>\n<meta property=\"og:type\" content=\"article\" \/>\n<meta property=\"og:title\" content=\"Events - Ziggy\" \/>\n<meta property=\"og:description\" content=\"Celebrate Special Occasions in Tulum Birthdays \/ Anniversaries \/ Brunch \/ Family Reunion Dinners Whether you\u2019re planning an anniversary dinner, birthday celebration, or a family gathering, special occasions deserve a unique and memorable venue. At Ziggy Beach Club in Tulum, we offer everything you need to create an unforgettable experience. Our choice of special and [&hellip;]\" \/>\n<meta property=\"og:url\" content=\"https:\/\/ziggybeachtulum.com\/es\/events\/\" \/>\n<meta property=\"og:site_name\" content=\"Ziggy\" \/>\n<meta property=\"article:modified_time\" content=\"2025-10-20T18:05:24+00:00\" \/>\n<meta name=\"twitter:card\" content=\"summary_large_image\" \/>\n<meta name=\"twitter:label1\" content=\"Tiempo de lectura\" \/>\n\t<meta name=\"twitter:data1\" content=\"2 minutos\" \/>\n<script type=\"application\/ld+json\" class=\"yoast-schema-graph\">{\"@context\":\"https:\/\/schema.org\",\"@graph\":[{\"@type\":\"WebPage\",\"@id\":\"https:\/\/ziggybeachtulum.com\/events\/\",\"url\":\"https:\/\/ziggybeachtulum.com\/events\/\",\"name\":\"Events - Ziggy\",\"isPartOf\":{\"@id\":\"https:\/\/ziggybeachtulum.com\/#website\"},\"datePublished\":\"2025-04-21T18:26:27+00:00\",\"dateModified\":\"2025-10-20T18:05:24+00:00\",\"breadcrumb\":{\"@id\":\"https:\/\/ziggybeachtulum.com\/events\/#breadcrumb\"},\"inLanguage\":\"es\",\"potentialAction\":[{\"@type\":\"ReadAction\",\"target\":[\"https:\/\/ziggybeachtulum.com\/events\/\"]}]},{\"@type\":\"BreadcrumbList\",\"@id\":\"https:\/\/ziggybeachtulum.com\/events\/#breadcrumb\",\"itemListElement\":[{\"@type\":\"ListItem\",\"position\":1,\"name\":\"Home\",\"item\":\"https:\/\/ziggybeachtulum.com\/\"},{\"@type\":\"ListItem\",\"position\":2,\"name\":\"Events\"}]},{\"@type\":\"WebSite\",\"@id\":\"https:\/\/ziggybeachtulum.com\/#website\",\"url\":\"https:\/\/ziggybeachtulum.com\/\",\"name\":\"Ziggy Beach Tulum\",\"description\":\"\",\"publisher\":{\"@id\":\"https:\/\/ziggybeachtulum.com\/#organization\"},\"potentialAction\":[{\"@type\":\"SearchAction\",\"target\":{\"@type\":\"EntryPoint\",\"urlTemplate\":\"https:\/\/ziggybeachtulum.com\/?s={search_term_string}\"},\"query-input\":{\"@type\":\"PropertyValueSpecification\",\"valueRequired\":true,\"valueName\":\"search_term_string\"}}],\"inLanguage\":\"es\"},{\"@type\":\"Organization\",\"@id\":\"https:\/\/ziggybeachtulum.com\/#organization\",\"name\":\"Ziggy\",\"url\":\"https:\/\/ziggybeachtulum.com\/\",\"logo\":{\"@type\":\"ImageObject\",\"inLanguage\":\"es\",\"@id\":\"https:\/\/ziggybeachtulum.com\/#\/schema\/logo\/image\/\",\"url\":\"https:\/\/ziggybeachtulum.com\/wp-content\/uploads\/2025\/01\/Logotipo-Ziggy-Web-04-e1741992087226.png\",\"contentUrl\":\"https:\/\/ziggybeachtulum.com\/wp-content\/uploads\/2025\/01\/Logotipo-Ziggy-Web-04-e1741992087226.png\",\"width\":1107,\"height\":253,\"caption\":\"Ziggy\"},\"image\":{\"@id\":\"https:\/\/ziggybeachtulum.com\/#\/schema\/logo\/image\/\"}}]}<\/script>\n<!-- \/ Yoast SEO plugin. -->","yoast_head_json":{"title":"Events - Ziggy","robots":{"index":"index","follow":"follow","max-snippet":"max-snippet:-1","max-image-preview":"max-image-preview:large","max-video-preview":"max-video-preview:-1"},"canonical":"https:\/\/ziggybeachtulum.com\/es\/events\/","og_locale":"es_MX","og_type":"article","og_title":"Events - Ziggy","og_description":"Celebrate Special Occasions in Tulum Birthdays \/ Anniversaries \/ Brunch \/ Family Reunion Dinners Whether you\u2019re planning an anniversary dinner, birthday celebration, or a family gathering, special occasions deserve a unique and memorable venue. At Ziggy Beach Club in Tulum, we offer everything you need to create an unforgettable experience. Our choice of special and [&hellip;]","og_url":"https:\/\/ziggybeachtulum.com\/es\/events\/","og_site_name":"Ziggy","article_modified_time":"2025-10-20T18:05:24+00:00","twitter_card":"summary_large_image","twitter_misc":{"Tiempo de lectura":"2 minutos"},"schema":{"@context":"https:\/\/schema.org","@graph":[{"@type":"WebPage","@id":"https:\/\/ziggybeachtulum.com\/events\/","url":"https:\/\/ziggybeachtulum.com\/events\/","name":"Events - Ziggy","isPartOf":{"@id":"https:\/\/ziggybeachtulum.com\/#website"},"datePublished":"2025-04-21T18:26:27+00:00","dateModified":"2025-10-20T18:05:24+00:00","breadcrumb":{"@id":"https:\/\/ziggybeachtulum.com\/events\/#breadcrumb"},"inLanguage":"es","potentialAction":[{"@type":"ReadAction","target":["https:\/\/ziggybeachtulum.com\/events\/"]}]},{"@type":"BreadcrumbList","@id":"https:\/\/ziggybeachtulum.com\/events\/#breadcrumb","itemListElement":[{"@type":"ListItem","position":1,"name":"Home","item":"https:\/\/ziggybeachtulum.com\/"},{"@type":"ListItem","position":2,"name":"Events"}]},{"@type":"WebSite","@id":"https:\/\/ziggybeachtulum.com\/#website","url":"https:\/\/ziggybeachtulum.com\/","name":"Ziggy Beach Tulum","description":"","publisher":{"@id":"https:\/\/ziggybeachtulum.com\/#organization"},"potentialAction":[{"@type":"SearchAction","target":{"@type":"EntryPoint","urlTemplate":"https:\/\/ziggybeachtulum.com\/?s={search_term_string}"},"query-input":{"@type":"PropertyValueSpecification","valueRequired":true,"valueName":"search_term_string"}}],"inLanguage":"es"},{"@type":"Organization","@id":"https:\/\/ziggybeachtulum.com\/#organization","name":"Ziggy","url":"https:\/\/ziggybeachtulum.com\/","logo":{"@type":"ImageObject","inLanguage":"es","@id":"https:\/\/ziggybeachtulum.com\/#\/schema\/logo\/image\/","url":"https:\/\/ziggybeachtulum.com\/wp-content\/uploads\/2025\/01\/Logotipo-Ziggy-Web-04-e1741992087226.png","contentUrl":"https:\/\/ziggybeachtulum.com\/wp-content\/uploads\/2025\/01\/Logotipo-Ziggy-Web-04-e1741992087226.png","width":1107,"height":253,"caption":"Ziggy"},"image":{"@id":"https:\/\/ziggybeachtulum.com\/#\/schema\/logo\/image\/"}}]}},"_links":{"self":[{"href":"https:\/\/ziggybeachtulum.com\/es\/wp-json\/wp\/v2\/pages\/1320","targetHints":{"allow":["GET"]}}],"collection":[{"href":"https:\/\/ziggybeachtulum.com\/es\/wp-json\/wp\/v2\/pages"}],"about":[{"href":"https:\/\/ziggybeachtulum.com\/es\/wp-json\/wp\/v2\/types\/page"}],"author":[{"embeddable":true,"href":"https:\/\/ziggybeachtulum.com\/es\/wp-json\/wp\/v2\/users\/1"}],"replies":[{"embeddable":true,"href":"https:\/\/ziggybeachtulum.com\/es\/wp-json\/wp\/v2\/comments?post=1320"}],"version-history":[{"count":6,"href":"https:\/\/ziggybeachtulum.com\/es\/wp-json\/wp\/v2\/pages\/1320\/revisions"}],"predecessor-version":[{"id":1797,"href":"https:\/\/ziggybeachtulum.com\/es\/wp-json\/wp\/v2\/pages\/1320\/revisions\/1797"}],"wp:attachment":[{"href":"https:\/\/ziggybeachtulum.com\/es\/wp-json\/wp\/v2\/media?parent=1320"}],"curies":[{"name":"wp","href":"https:\/\/api.w.org\/{rel}","templated":true}]}}